{"id":3452,"date":"2021-06-14T09:30:51","date_gmt":"2021-06-14T07:30:51","guid":{"rendered":"https:\/\/decodhor.fr\/impressum\/"},"modified":"2021-06-14T09:57:44","modified_gmt":"2021-06-14T07:57:44","slug":"rechtlicher-hinweis","status":"publish","type":"page","link":"https:\/\/decodhor.fr\/de\/rechtlicher-hinweis\/","title":{"rendered":"Rechtlicher hinweis"},"content":{"rendered":"\t\t<div data-elementor-type=\"wp-post\" data-elementor-id=\"3452\" class=\"elementor elementor-3452 elementor-1089\" data-elementor-settings=\"[]\">\n\t\t\t\t\t\t<div class=\"elementor-inner\">\n\t\t\t\t\t\t\t<div class=\"elementor-section-wrap\">\n\t\t\t\t\t\t\t<section class=\"elementor-section elementor-top-section elementor-element elementor-element-907a138 elementor-section-boxed elementor-section-height-default elementor-section-height-default\" data-id=\"907a138\" data-element_type=\"section\">\n\t\t\t\t\t\t<div class=\"elementor-container elementor-column-gap-default\">\n\t\t\t\t\t\t\t<div class=\"elementor-row\">\n\t\t\t\t\t<div class=\"elementor-column elementor-col-100 elementor-top-column elementor-element elementor-element-b481c22\" data-id=\"b481c22\" data-element_type=\"column\">\n\t\t\t<div class=\"elementor-column-wrap elementor-element-populated\">\n\t\t\t\t\t\t\t<div class=\"elementor-widget-wrap\">\n\t\t\t\t\t\t<div class=\"elementor-element elementor-element-2fa6da9 elementor-widget elementor-widget-html\" data-id=\"2fa6da9\" data-element_type=\"widget\" data-widget_type=\"html.default\">\n\t\t\t\t<div class=\"elementor-widget-container\">\n\t\t\t<h1> RECHTLICHER HINWEIS : <\/h1>\r\n\r\n<p style = \"text-align: justify\"> <strong> <\/strong> <br \/>\r\nIn \u00dcbereinstimmung mit den Bestimmungen der Artikel 6-III und 19 des Gesetzes Nr. 2004-575 vom 21. Juni 2004 zum Vertrauen in die digitale Wirtschaft, bekannt als LCEN, machen wir die Benutzer und Besucher der Website darauf aufmerksam: <a href = \"https:\/\/decodhor.fr\/de\/\" target = \"_ blank\"> decodhor.fr <\/a> die folgenden Informationen: <\/p>\r\n\r\n<p style = \"text-align: justify\"> <strong> EDITOR <\/strong> <\/p>\r\n<p style = \"text-align: justify\"> Die Seite <a href = \"https:\/\/decodhor.fr\/de\/\" style = \"color: rgb (7, 130, 193); font-family: sans-serif, Arial , Verdana, \"target =\" _ blank \"> decodhor.fr <\/a> ist das ausschlie\u00dfliche Eigentum von <strong> SARL <\/strong> <strong> DECOD'HOR <\/strong>, die es ver\u00f6ffentlicht. <\/p>\r\n\r\n<p style = \"text-align: justify\"> <strong> DECOD'HOR <\/strong> <strong> <\/strong> <br \/>\r\n<p style = \"text-align: justify\"> <strong> ZI, Rue Henri Moissan <\/strong> <strong> 39800 Poligny <\/strong> <br \/>\r\nEingetragen im Handels- und Gesellschaftsregister von <strong> Lons-le-Saunier B 499 073 617 <\/strong> unter der Nummer <strong> <\/strong><strong>49907361700023<\/strong> <strong> <\/strong> < \/p>\r\n<p style = \"text-align: justify\"> Innergemeinschaftliche Umsatzsteuer-Identifikationsnummer: <strong> FR61499073617 <\/strong> <br \/>\r\n<br \/> <strong> SARL <\/strong> mit einem Kapital von <strong> <\/strong> <strong> 10.000 \u20ac <\/strong> <\/p>\r\n<p style = \"text-align: justify\"> <strong> UNTERKUNFT <\/strong> <\/p>\r\n\r\n<p style = \"text-align: justify\"> Die Site wird gehostet von <strong> OVH 2 rue Kellermann 59053 Roubaix <\/strong> <br \/>\r\n<u> <strong> CREDITS: <\/strong> <\/u> Die rechtlichen Hinweise wurden erstellt von <strong> <a href=\"https:\/\/www.generer-mentions-legales.com\"> rechtliche Hinweise <\/a > <\/strong> <br \/>\r\n\r\n<p style = \"text-align: justify\"> <strong> BESCHREIBUNG DER BEREITGESTELLTEN DIENSTLEISTUNGEN <\/strong> <\/p>\r\n\r\n<p style = \"text-align: justify\"> Die Website <a href = \"https:\/\/decodhor.fr\/de\/\" style = \"text-align: justify;\" target = \"_ blank\"> decodhor.fr <\/a> zielt darauf ab, Informationen \u00fcber alle Aktivit\u00e4ten des Unternehmens bereitzustellen. Der Inhaber der Site bem\u00fcht sich, auf der Site <a href = \"https:\/\/decodhor.fr\/de\/\" style = \"text-align: justify;\" bereitzustellen. target = \"_ blank\"> decodhor.fr <\/a> Informationen so genau wie m\u00f6glich. Es kann jedoch nicht f\u00fcr Auslassungen, Ungenauigkeiten und M\u00e4ngel in der Aktualisierung verantwortlich gemacht werden, sei es selbst oder von Drittpartnern, die ihm diese Informationen zur Verf\u00fcgung stellen. Alle auf der Website angebotenen Informationen <a href = \"https:\/\/decodhor.fr\/de\/\" style = \"text-align: justify;\" target = \"_ blank\"> decodhor.fr <\/a> dienen nur zur Information, sind nicht ersch\u00f6pfend und k\u00f6nnen sich \u00e4ndern. Sie werden vorbehaltlich der \u00c4nderungen seit ihrer Online-Stellung bereitgestellt. <\/p>\r\n\r\n<p> <strong> GEISTIGES EIGENTUM UND VERLETZUNG <\/strong> <\/p>\r\n\r\n<p> Der Inhaber der Website ist Inhaber der geistigen Eigentumsrechte oder besitzt die Nutzungsrechte an allen auf der Website zug\u00e4nglichen Elementen, insbesondere an Texten, Bildern, Grafiken, Logos, Symbolen, T\u00f6nen, Software ... Jegliche Reproduktion, Darstellung, \u00c4nderung, Ver\u00f6ffentlichung, vollst\u00e4ndige oder teilweise Anpassung der Elemente der Website, unabh\u00e4ngig von den verwendeten Mitteln oder Verfahren. Jede unbefugte Nutzung der Website oder eines dieser darin enthaltenen Elemente wird als Verletzung angesehen und gem\u00e4\u00df den Bestimmungen der Artikel L.335-2 ff. des Gesetzes \u00fcber geistiges Eigentum verfolgt. <\/p>\r\n<p> <strong> HYPERTEXTE UND COOKIES <\/strong> <\/p>\r\n\r\n<p> Die Site <a href = \"https:\/\/decodhor.fr\/de\/\" style = \"text-align: justify;\" target = \"_ blank\"> decodhor.fr <\/a> enth\u00e4lt eine Reihe von Hypertext-Links zu anderen Websites (Partner, Informationen usw.), die mit Genehmigung des Eigent\u00fcmers der Website eingerichtet wurden. Der Seitenbetreiber hat jedoch keine M\u00f6glichkeit, den Inhalt der so besuchten Seiten zu \u00fcberpr\u00fcfen und lehnt daher jegliche Verantwortung f\u00fcr diese Tatsache im Hinblick auf m\u00f6gliche Risiken rechtswidriger Inhalte ab. Der Benutzer wird dar\u00fcber informiert, dass w\u00e4hrend seiner Besuche auf der Website <a href = \"https:\/\/decodhor.fr\/de\/\" style = \"text-align: justify;\" target = \"_ blank\"> decodhor.fr <\/a>, k\u00f6nnen ein oder mehrere Cookies automatisch auf ihrem Computer installiert werden. Ein Cookie ist eine kleine Datei, die keine Identifizierung des Benutzers erm\u00f6glicht, aber Informationen \u00fcber die Navigation eines Computers auf einer Website aufzeichnet. Die so gewonnenen Daten sollen die sp\u00e4tere Navigation auf der Seite erleichtern und auch verschiedene Anwesenheitsma\u00dfnahmen erm\u00f6glichen. Die Konfiguration der Navigationssoftware erm\u00f6glicht es, \u00fcber das Vorhandensein eines Cookies zu informieren und m\u00f6glicherweise auf die unter der folgenden Adresse beschriebene Weise abzulehnen: www.cnil.fr Die Verweigerung der Installation eines Cookies kann den Zugriff auf bestimmte '' unm\u00f6glich machen Dienstleistungen. Der Benutzer kann seinen Computer jedoch wie folgt konfigurieren, um die Installation von Cookies abzulehnen: Im Internet Explorer: Registerkarte Tool \/ Internetoptionen. Klicken Sie auf Datenschutz und w\u00e4hlen Sie Alle Cookies blockieren. Best\u00e4tigen Sie mit Ok. In Netscape: Registerkarte Edition \/ Einstellungen. Klicken Sie auf Erweitert und w\u00e4hlen Sie Cookies deaktivieren. Best\u00e4tigen Sie mit Ok. <\/p>\r\n\r\n<p> <strong> SCHUTZ VON EIGENTUM UND PERSONEN - VERWALTUNG PERSONENBEZOGENER DATEN <\/strong> <\/p>\r\n\r\n<p> Benutzer: Internetbenutzer, der sich \u00fcber die oben genannte Site verbindet: <a href = \"https:\/\/decodhor.fr\/de\/\" style = \"text-align: justify;\" target = \"_ blank\"> decodhor.fr <\/a> In Frankreich sind personenbezogene Daten insbesondere durch das Gesetz Nr. 78-87 vom 6. Januar 1978, das Gesetz Nr. 2004-801 vom 6. August 2004, Artikel L . gesch\u00fctzt . 226-13 des Strafgesetzbuches und der europ\u00e4ischen Richtlinie vom 24. Oktober 1995. <\/p>\r\n\r\n<p> Auf der Website <a href = \"https:\/\/decodhor.fr\/de\/\" style = \"text-align: justify;\" target = \"_ blank\"> decodhor.fr <\/a>, der Website-Besitzer sammelt nur pers\u00f6nliche Informationen \u00fcber den Benutzer f\u00fcr den Bedarf bestimmter von der Website angebotener Dienste <a href = \"https:\/\/decodhor.fr\/de\/\"style = \" text-align: ausrichten; \" target = \"_ blank\"> decodhor.fr <\/a>. Der Nutzer stellt diese Informationen in voller Kenntnis des Sachverhalts zur Verf\u00fcgung, insbesondere wenn er diese selbst eingibt. Es wird dann dem Benutzer der Site <a href = \"https:\/\/decodhor.fr\/de\/\" style = \"text-align: justify;\" target = \"_ blank\"> decodhor.fr <\/a> die Verpflichtung oder Nichtbereitstellung dieser Informationen. Gem\u00e4\u00df den Bestimmungen der Artikel 38 ff. des Gesetzes 78-17 vom 6. Januar 1978 \u00fcber Datenverarbeitung, Dateien und Freiheiten hat jeder Benutzer ein Recht auf Zugang, Berichtigung, L\u00f6schung und Widerspruch gegen die ihn betreffenden personenbezogenen Daten. Um es auszu\u00fcben, senden Sie Ihre Anfrage an <a href = \"https:\/\/decodhor.fr\/de\/\" style = \"text-align: justify;\" target = \"_ blank\"> decodhor.fr <\/a> per E-Mail: E-Mail vom Webmaster oder durch schriftliche und unterzeichnete Anfrage, zusammen mit einer Kopie des Ausweises mit Unterschrift des Inhabers des Dokuments unter Angabe der Adresse an die die Antwort gesendet werden soll. <\/p>\r\n\r\n<p> Keine pers\u00f6nlichen Informationen des Benutzers der Site <a href = \"https:\/\/decodhor.fr\/de\/\" style = \"text-align: justify;\" target = \"_ blank\"> decodhor.fr <\/a> wird ohne Wissen des Nutzers nicht ver\u00f6ffentlicht, ausgetauscht, \u00fcbertragen, abgetreten oder auf irgendeinem Medium an Dritte verkauft. Lediglich die Annahme der \u00dcbernahme der Seite <a href = \"https:\/\/decodhor.fr\/de\/\" style = \"text-align: justify;\" target = \"_ blank\"> decodhor.fr <\/a> an den Eigent\u00fcmer der Website und seine Rechte w\u00fcrden die \u00dcbermittlung solcher Informationen an den potenziellen K\u00e4ufer erm\u00f6glichen, der wiederum an die gleiche Verpflichtung zur Speicherung und \u00c4nderung von Daten gebunden w\u00e4re mit Respekt gegen\u00fcber dem Benutzer der Site <a href = \"https:\/\/decodhor.fr\/de\/\" style = \"text-align: justify;\" target = \"_ blank\"> decodhor.fr <\/a>. <\/p>\r\n\r\n\r\n<p> Die Datenbanken sind durch die Bestimmungen des Gesetzes vom 1. Juli 1998 zur Umsetzung der Richtlinie 96\/9 vom 11. M\u00e4rz 1996 \u00fcber den Rechtsschutz von Datenbanken gesch\u00fctzt. <\/p>\t\t<\/div>\n\t\t\t\t<\/div>\n\t\t\t\t\t\t<\/div>\n\t\t\t\t\t<\/div>\n\t\t<\/div>\n\t\t\t\t\t\t\t\t<\/div>\n\t\t\t\t\t<\/div>\n\t\t<\/section>\n\t\t\t\t\t\t<\/div>\n\t\t\t\t\t\t<\/div>\n\t\t\t\t\t<\/div>\n\t\t","protected":false},"excerpt":{"rendered":"<p>RECHTLICHER HINWEIS : In \u00dcbereinstimmung mit den Bestimmungen der Artikel 6-III und 19 des Gesetzes Nr. 2004-575 vom 21. Juni 2004 zum Vertrauen in die digitale Wirtschaft, bekannt als LCEN, machen wir die Benutzer und Besucher der Website darauf aufmerksam: decodhor.fr die folgenden Informationen: EDITOR Die Seite decodhor.fr ist das ausschlie\u00dfliche Eigentum von SARL DECOD&#8217;HOR [&hellip;]<\/p>\n","protected":false},"author":1,"featured_media":0,"parent":0,"menu_order":0,"comment_status":"closed","ping_status":"closed","template":"template\/full-width-template.php","meta":[],"yoast_head":"<!-- This site is optimized with the Yoast SEO plugin v15.8 - https:\/\/yoast.com\/wordpress\/plugins\/seo\/ -->\n<title>Rechtlicher hinweis - Decod&#039;hor<\/title>\n<meta name=\"robots\" content=\"index, follow, max-snippet:-1, max-image-preview:large, max-video-preview:-1\" \/>\n<link rel=\"canonical\" href=\"https:\/\/decodhor.fr\/de\/rechtlicher-hinweis\/\" \/>\n<meta property=\"og:locale\" content=\"de_DE\" \/>\n<meta property=\"og:type\" content=\"article\" \/>\n<meta property=\"og:title\" content=\"Rechtlicher hinweis - Decod&#039;hor\" \/>\n<meta property=\"og:description\" content=\"RECHTLICHER HINWEIS : In \u00dcbereinstimmung mit den Bestimmungen der Artikel 6-III und 19 des Gesetzes Nr. 2004-575 vom 21. Juni 2004 zum Vertrauen in die digitale Wirtschaft, bekannt als LCEN, machen wir die Benutzer und Besucher der Website darauf aufmerksam: decodhor.fr die folgenden Informationen: EDITOR Die Seite decodhor.fr ist das ausschlie\u00dfliche Eigentum von SARL DECOD&#8217;HOR [&hellip;]\" \/>\n<meta property=\"og:url\" content=\"https:\/\/decodhor.fr\/de\/rechtlicher-hinweis\/\" \/>\n<meta property=\"og:site_name\" content=\"Decod&#039;hor\" \/>\n<meta property=\"article:modified_time\" content=\"2021-06-14T07:57:44+00:00\" \/>\n<meta name=\"twitter:card\" content=\"summary_large_image\" \/>\n<meta name=\"twitter:label1\" content=\"Gesch\u00e4tzte Lesezeit\">\n\t<meta name=\"twitter:data1\" content=\"4\u00a0Minuten\">\n<script type=\"application\/ld+json\" class=\"yoast-schema-graph\">{\"@context\":\"https:\/\/schema.org\",\"@graph\":[{\"@type\":\"Organization\",\"@id\":\"https:\/\/decodhor.fr\/#organization\",\"name\":\"Decod'Hor\",\"url\":\"https:\/\/decodhor.fr\/\",\"sameAs\":[],\"logo\":{\"@type\":\"ImageObject\",\"@id\":\"https:\/\/decodhor.fr\/#logo\",\"inLanguage\":\"de\",\"url\":\"https:\/\/decodhor.fr\/wp-content\/uploads\/2021\/02\/DECOD-HOR-11.png\",\"width\":414,\"height\":202,\"caption\":\"Decod'Hor\"},\"image\":{\"@id\":\"https:\/\/decodhor.fr\/#logo\"}},{\"@type\":\"WebSite\",\"@id\":\"https:\/\/decodhor.fr\/#website\",\"url\":\"https:\/\/decodhor.fr\/\",\"name\":\"Decod'Hor\",\"description\":\"M\\u00e9canique de pr\\u00e9cision\",\"publisher\":{\"@id\":\"https:\/\/decodhor.fr\/#organization\"},\"potentialAction\":[{\"@type\":\"SearchAction\",\"target\":\"https:\/\/decodhor.fr\/?s={search_term_string}\",\"query-input\":\"required name=search_term_string\"}],\"inLanguage\":\"de\"},{\"@type\":\"WebPage\",\"@id\":\"https:\/\/decodhor.fr\/de\/rechtlicher-hinweis\/#webpage\",\"url\":\"https:\/\/decodhor.fr\/de\/rechtlicher-hinweis\/\",\"name\":\"Rechtlicher hinweis - Decod&#039;hor\",\"isPartOf\":{\"@id\":\"https:\/\/decodhor.fr\/#website\"},\"datePublished\":\"2021-06-14T07:30:51+00:00\",\"dateModified\":\"2021-06-14T07:57:44+00:00\",\"breadcrumb\":{\"@id\":\"https:\/\/decodhor.fr\/de\/rechtlicher-hinweis\/#breadcrumb\"},\"inLanguage\":\"de\",\"potentialAction\":[{\"@type\":\"ReadAction\",\"target\":[\"https:\/\/decodhor.fr\/de\/rechtlicher-hinweis\/\"]}]},{\"@type\":\"BreadcrumbList\",\"@id\":\"https:\/\/decodhor.fr\/de\/rechtlicher-hinweis\/#breadcrumb\",\"itemListElement\":[{\"@type\":\"ListItem\",\"position\":1,\"item\":{\"@type\":\"WebPage\",\"@id\":\"https:\/\/decodhor.fr\/de\/\",\"url\":\"https:\/\/decodhor.fr\/de\/\",\"name\":\"Accueil\"}},{\"@type\":\"ListItem\",\"position\":2,\"item\":{\"@type\":\"WebPage\",\"@id\":\"https:\/\/decodhor.fr\/de\/rechtlicher-hinweis\/\",\"url\":\"https:\/\/decodhor.fr\/de\/rechtlicher-hinweis\/\",\"name\":\"Rechtlicher hinweis\"}}]}]}<\/script>\n<!-- \/ Yoast SEO plugin. -->","_links":{"self":[{"href":"https:\/\/decodhor.fr\/de\/wp-json\/wp\/v2\/pages\/3452"}],"collection":[{"href":"https:\/\/decodhor.fr\/de\/wp-json\/wp\/v2\/pages"}],"about":[{"href":"https:\/\/decodhor.fr\/de\/wp-json\/wp\/v2\/types\/page"}],"author":[{"embeddable":true,"href":"https:\/\/decodhor.fr\/de\/wp-json\/wp\/v2\/users\/1"}],"replies":[{"embeddable":true,"href":"https:\/\/decodhor.fr\/de\/wp-json\/wp\/v2\/comments?post=3452"}],"version-history":[{"count":13,"href":"https:\/\/decodhor.fr\/de\/wp-json\/wp\/v2\/pages\/3452\/revisions"}],"predecessor-version":[{"id":3487,"href":"https:\/\/decodhor.fr\/de\/wp-json\/wp\/v2\/pages\/3452\/revisions\/3487"}],"wp:attachment":[{"href":"https:\/\/decodhor.fr\/de\/wp-json\/wp\/v2\/media?parent=3452"}],"curies":[{"name":"wp","href":"https:\/\/api.w.org\/{rel}","templated":true}]}}